{"id":67,"date":"2025-12-28T08:54:52","date_gmt":"2025-12-28T08:54:52","guid":{"rendered":"https:\/\/radiohy.eu\/reservation\/"},"modified":"2026-01-17T21:30:08","modified_gmt":"2026-01-17T21:30:08","slug":"chat","status":"publish","type":"page","link":"https:\/\/radiohy.eu\/hu\/chat\/","title":{"rendered":"Chat"},"content":{"rendered":"<p><div id=\"radiohy-player\" style=\"    width:95%;    max-width:100%;    padding:15px;    background:#2b2b2b;    border:10px solid #cc9933;    border-radius:12px;    color:#f5f5f5;    box-shadow:0 0 15px rgba(0,0,0,0.4);\">\n    <div style=\"font-size:18px; font-weight:bold; color:#cc9933; margin-bottom:5px;\">\n        RadioHy \u2013 Live Stream\n    <\/div>\n\n    <div id=\"nowplaying\" style=\"font-size:14px; color:#cccccc; margin-bottom:10px;\">\n        Bet\u00f6lt\u00e9s\u2026\n    <\/div>\n\n    <audio controls style=\"width:100%; outline:none;\">\n        <source src=\"https:\/\/a8.asurahosting.com:9250\/radio.mp3\" type=\"audio\/mpeg\">\n    <\/audio>\n<\/div>\n\n<script>\nasync function loadNowPlaying() {\n    try {\n        const response = await fetch(\"https:\/\/a8.asurahosting.com:9250\/status-json.xsl\");\n        const data = await response.json();\n        const song = data.icestats.source.title || \"Nincs adat\";\n        document.getElementById(\"nowplaying\").innerText = \"Most sz\u00f3l: \" + song;\n    } catch (e) {\n        document.getElementById(\"nowplaying\").innerText = \"Most sz\u00f3l: (nem el\u00e9rhet\u0151)\";\n    }\n}\nloadNowPlaying();\nsetInterval(loadNowPlaying, 10000);\n<\/script><\/p>\n\n\n\n\n<\/div><iframe loading=\"lazy\" src=\"https:\/\/radiohy.hu\/livechat\" width=\"400\" height=\"600\" style=\"border:none;\"><\/iframe>\n<\/div>\n\n\n<p><iframe loading=\"lazy\" \n    width=\"100%\" \n    height=\"315\" \n    src=\"https:\/\/www.youtube.com\/embed\/live_stream?channel=UCiDYi8cdX8eKZVHiTGPBPrg\" \n    title=\"RadioHy Live Stream\" \n    frameborder=\"0\" \n    allow=\"accelerometer; autoplay; clipboard-write; encrypted-media; gyroscope; picture-in-picture; web-share\" \n    allowfullscreen>\n<\/iframe>\n\n<\/p>","protected":false},"excerpt":{"rendered":"","protected":false},"author":1,"featured_media":0,"parent":0,"menu_order":0,"comment_status":"closed","ping_status":"closed","template":"","meta":{"pagelayer_contact_templates":[],"_pagelayer_content":"","footnotes":""},"class_list":["post-67","page","type-page","status-publish","hentry"],"_links":{"self":[{"href":"https:\/\/radiohy.eu\/hu\/wp-json\/wp\/v2\/pages\/67","targetHints":{"allow":["GET"]}}],"collection":[{"href":"https:\/\/radiohy.eu\/hu\/wp-json\/wp\/v2\/pages"}],"about":[{"href":"https:\/\/radiohy.eu\/hu\/wp-json\/wp\/v2\/types\/page"}],"author":[{"embeddable":true,"href":"https:\/\/radiohy.eu\/hu\/wp-json\/wp\/v2\/users\/1"}],"replies":[{"embeddable":true,"href":"https:\/\/radiohy.eu\/hu\/wp-json\/wp\/v2\/comments?post=67"}],"version-history":[{"count":18,"href":"https:\/\/radiohy.eu\/hu\/wp-json\/wp\/v2\/pages\/67\/revisions"}],"predecessor-version":[{"id":232,"href":"https:\/\/radiohy.eu\/hu\/wp-json\/wp\/v2\/pages\/67\/revisions\/232"}],"wp:attachment":[{"href":"https:\/\/radiohy.eu\/hu\/wp-json\/wp\/v2\/media?parent=67"}],"curies":[{"name":"wp","href":"https:\/\/api.w.org\/{rel}","templated":true}]}}