{"id":59,"date":"2025-12-28T08:54:47","date_gmt":"2025-12-28T08:54:47","guid":{"rendered":"https:\/\/radiohy.eu\/home\/"},"modified":"2026-01-14T14:58:01","modified_gmt":"2026-01-14T14:58:01","slug":"home","status":"publish","type":"page","link":"https:\/\/radiohy.eu\/hu\/","title":{"rendered":"Home"},"content":{"rendered":"<p>\u00c9lvezze a krist\u00e1lytiszta hangz\u00e1st a nap 24 \u00f3r\u00e1j\u00e1ban, z\u00f6kken\u0151mentes streaminggel b\u00e1rmilyen eszk\u00f6z\u00f6n.<\/p>\n\n\n\n\n\n<p>N\u00e9zze meg m\u0171soraink legjobb pillanatait, bele\u00e9rtve az interj\u00fakat, a k\u00fcl\u00f6nlegess\u00e9geket \u00e9s a kiemelked\u0151 szegmenseket.<\/p>\n\n\n\n\n\n<p>Nonstop zene t\u00f6bb m\u0171fajb\u00f3l, amely t\u00f6k\u00e9letes hangs\u00e1vot biztos\u00edt az \u00e9letedhez. \u00c9lvezze a nonstop zen\u00e9t online r\u00e1di\u00f3nkban.<\/p>\n\n\n\n\n\n\n\n\n\n<h2>Jellemz\u0151ink<\/h2>\n\n\n\n\n\n<p>Fejlett rendszer\u00fcnk z\u00f6kken\u0151mentes \u00e1tmenetekkel \u00e9s intelligens \u00fctemez\u00e9ssel gondoskodik a zene \u00e1raml\u00e1s\u00e1r\u00f3l.<\/p>\n\n\n\n\n\n<p>Kapcsol\u00f3djon a m\u0171sorhoz \u00e9l\u0151 k\u00e9r\u00e9sek, ki\u00e1lt\u00e1sok \u00e9s val\u00f3s idej\u0171 k\u00f6z\u00f6ns\u00e9ginterakci\u00f3k r\u00e9v\u00e9n. Fedezze fel, mi\u00e9rt v\u00e1lasztj\u00e1k a hallgat\u00f3k minden nap online r\u00e1di\u00f3nkat.<\/p>\n\n\n\n\n\n<p>B\u00e1rmilyen hangulatban is vagy, n\u00e1lunk megtal\u00e1lod a t\u00f6k\u00e9letes zen\u00e9t - pop, rock, dance, chill \u00e9s m\u00e9g sok m\u00e1s.<\/p>\n\n\n\n\n\n\n\n\n\n\n\n<h2>Mi k\u00fcl\u00f6nb\u00f6ztet meg minket<\/h2>\n\n\n\n\n\n<br>\n\n\n\n<br>\n\n\n\n\n\n<br>\n\n\n\n<br>\n\n\n\n\n\n\n\n\n\n<h5>R\u00f3lunk<\/h5>\n\n\n\n\n\n<h2>Kik vagyunk<\/h2>\n\n\n\n<p>A RadioHy a nagyszer\u0171 zen\u00e9r\u0151l \u00e9s az igazi emberekr\u0151l sz\u00f3l.<\/p><p>Bar\u00e1ts\u00e1gos, energikus l\u00e9gk\u00f6rt teremt\u00fcnk, ahol a hallgat\u00f3k otthon \u00e9rzik magukat, \u00e9s \u00e9lvezik az ad\u00e1s minden pillanat\u00e1t.<\/p>\n\n\n\n\n\n\n\n<p>Lorem Ipsum has been the industry&#8217;s standard dummy text ever since the 1500s.<\/p>\n\n\n\n\n\n\n\n\n\n<h2>Portf\u00f3li\u00f3nk<\/h2>\n\n\n\n\n\n\n\n<h4>\u00c9l\u0151 esem\u00e9ny k\u00f6zvet\u00edt\u00e9sek<\/h4><div><br><\/div>\n\n\n\n<p>A helyi koncerteket \u00e9s k\u00f6z\u00f6ss\u00e9gi esem\u00e9nyeket egyenesen az \u00d6n hangsz\u00f3r\u00f3ihoz juttatjuk el kiv\u00e1l\u00f3 min\u0151s\u00e9g\u0171 \u00e9l\u0151 k\u00f6zvet\u00edt\u00e9ssel.<\/p>\n\n\n\n&nbsp;Tov\u00e1bbi r\u00e9szletek\u00e9rt l\u00e1togasson el a<a href=\"https:\/\/radiohy.eu\/hu\/live\/\"> \u00c9l\u0151 oldal<\/a>.\n\n\n\n\n\n<h4>Fesztiv\u00e1l f\u00e9nypontjai<\/h4><div><br><\/div>\n\n\n\n<p>A fesztiv\u00e1l \u00e9lm\u00e9ny\u00e9t \u00e9l\u0151 zen\u00e9vel, sz\u00f3rakoztat\u00f3 interj\u00fakkal \u00e9s val\u00f3s idej\u0171 friss\u00edt\u00e9sekkel hozzuk el neked.<\/p>\n\n\n\n\n\n\n\n<h4>DJ Spotlight Sessions<\/h4>\n\n\n\n<p>Magas energi\u00e1j\u00fa mixek, mer\u00e9sz hangz\u00e1sok \u00e9s exkluz\u00edv ad\u00e1s k\u00f6zbeni pillanatok, amelyek DJ-inket a reflektorf\u00e9nybe helyezik.<\/p>\n\n\n\n\n\n<h4>Helyi m\u0171v\u00e9szek egy\u00fcttm\u0171k\u00f6d\u00e9sei<\/h4>\n\n\n\n<p>Szeretj\u00fck, ha a helyi zen\u00e9szek sz\u00f3rakoztat\u00f3 interj\u00fakkal, zenei bemutat\u00f3kkal \u00e9s k\u00f6z\u00f6ss\u00e9gvez\u00e9relt funkci\u00f3kkal kapnak platformot.<\/p>\n\n\n\n\n\n\n\n<p>Lorem Ipsum has been the industry&#8217;s standard dummy text ever since the 1500s.<\/p>\n\n\n\n\n\n<p>Lorem Ipsum has been the industry&#8217;s standard dummy text ever since the 1500s.<\/p>\n\n\n\n\n\n\n\n<h2>K\u00fcldet\u00e9snyilatkozatunk<\/h2>\n\n\n\n<p>K\u00fcldet\u00e9s\u00fcnk, hogy magas sz\u00ednvonal\u00fa zen\u00e9t, mag\u00e1val ragad\u00f3 m\u0171sorokat \u00e9s er\u0151s k\u00f6z\u00f6ss\u00e9gi \u00e9rz\u00e9st ny\u00fajtsunk.<\/p><p>C\u00e9lunk, hogy a hallgat\u00f3kat a hangz\u00e1s, a kreativit\u00e1s \u00e9s a hiteles m\u0171sorvezet\u0151i \u00e9lm\u00e9nyek r\u00e9v\u00e9n \u00f6sszekapcsoljuk.<\/p>\n\n\n\n\n\n\n\n\n\n<h5>Mit mondanak a hallgat\u00f3ink<\/h5>\n\n\n\n<h2>Hallgat\u00f3i aj\u00e1nl\u00e1sok<\/h2>\n\n\n\n\n\n\n\nLorem ipsum dolor sit amet, consectetur adipiscing elit, sed do eiusmod tempor incididunt ut labore et dolore magna aliqua. Ut enim ad minim veniam, quis nostrud exercitation ullamco laboris nisi ut aliquip ex ea commodo consequat.\n\n\n\n<p>\u201cA RadioHy mindig feldobja a napomat. A zene\u00e1raml\u00e1s g\u00f6rd\u00fcl\u00e9keny, a m\u0171sorvezet\u0151k pedig olyanok, mintha bar\u00e1tok lenn\u00e9nek.\u201d<\/p><div><br><\/div>\n\n\n\n<h6>Michael T.\u00a0 <span style=\"font-weight: normal;\">Rendszeres hallgat\u00f3<\/span><\/h6>\n\n\n\n\n\nLorem ipsum dolor sit amet, consectetur adipiscing elit, sed do eiusmod tempor incididunt ut labore et dolore magna aliqua. Ut enim ad minim veniam, quis nostrud exercitation ullamco laboris nisi ut aliquip ex ea commodo consequat.\n\n\n\n<p>\u201cIm\u00e1dom, ahogy a RadioHy olyan sim\u00e1n keveri a k\u00fcl\u00f6nb\u00f6z\u0151 m\u0171fajokat. Ez a t\u00f6k\u00e9letes \u00e1llom\u00e1s minden hangulathoz.\u201d<\/p><div><br><\/div>\n\n\n\n<h6>Daniel K.<span style=\"color: rgb(255, 212, 76); font-family: &quot;Great Vibes&quot;; font-size: 28px; font-weight: 400;\">\u00a0\u00a0<\/span><span style=\"font-weight: 400;\">Napi hallgat\u00f3<\/span><\/h6>\n\n\n\n\n\nLorem ipsum dolor sit amet, consectetur adipiscing elit, sed do eiusmod tempor incididunt ut labore et dolore magna aliqua. Ut enim ad minim veniam, quis nostrud exercitation ullamco laboris nisi ut aliquip ex ea commodo consequat.\n\n\n\n<p>\u201cA RadioHy olyan \u00e1llom\u00e1snak t\u0171nik, amely val\u00f3ban meghallgat. Remek zene, remek emberek, remek hangulat.\u201d<\/p><div><br><\/div>\n\n\n\n<em><\/em><p>\n<strong><\/strong><\/p><h6><em style=\"color: rgb(255, 212, 76); font-family: &quot;Great Vibes&quot;; font-size: 28px;\">Anna B.<\/em>&nbsp;<span style=\"font-weight: normal;\">Akt\u00edv hallgat\u00f3<\/span><\/h6>\n\n\n\n\n\n\n\n\n\n\n\n<h6>Cselekedjen most<\/h6>\n\n\n\n<p>A RadioHy egy online r\u00e1di\u00f3\u00e1llom\u00e1s, amely minden nap nonstop zen\u00e9t, \u00e9l\u0151 m\u0171sorokat \u00e9s friss mixeket k\u00edn\u00e1l.&nbsp;<\/p><p>K\u00fcldet\u00e9s\u00fcnk, hogy kiv\u00e1l\u00f3 min\u0151s\u00e9g\u0171 hangz\u00e1st, energikus ad\u00e1sokat \u00e9s vibr\u00e1l\u00f3 k\u00f6z\u00f6ss\u00e9gi \u00e9lm\u00e9nyt ny\u00fajtsunk a hallgat\u00f3knak vil\u00e1gszerte.&nbsp;<\/p><p>Kapcsol\u00f3djon be zen\u00e9re, sz\u00f3rakoz\u00e1sra \u00e9s igazi r\u00e1di\u00f3s hangulatra.<\/p>","protected":false},"excerpt":{"rendered":"","protected":false},"author":1,"featured_media":0,"parent":0,"menu_order":0,"comment_status":"closed","ping_status":"closed","template":"","meta":{"pagelayer_contact_templates":[],"_pagelayer_content":"","footnotes":""},"class_list":["post-59","page","type-page","status-publish","hentry"],"_links":{"self":[{"href":"https:\/\/radiohy.eu\/hu\/wp-json\/wp\/v2\/pages\/59","targetHints":{"allow":["GET"]}}],"collection":[{"href":"https:\/\/radiohy.eu\/hu\/wp-json\/wp\/v2\/pages"}],"about":[{"href":"https:\/\/radiohy.eu\/hu\/wp-json\/wp\/v2\/types\/page"}],"author":[{"embeddable":true,"href":"https:\/\/radiohy.eu\/hu\/wp-json\/wp\/v2\/users\/1"}],"replies":[{"embeddable":true,"href":"https:\/\/radiohy.eu\/hu\/wp-json\/wp\/v2\/comments?post=59"}],"version-history":[{"count":46,"href":"https:\/\/radiohy.eu\/hu\/wp-json\/wp\/v2\/pages\/59\/revisions"}],"predecessor-version":[{"id":182,"href":"https:\/\/radiohy.eu\/hu\/wp-json\/wp\/v2\/pages\/59\/revisions\/182"}],"wp:attachment":[{"href":"https:\/\/radiohy.eu\/hu\/wp-json\/wp\/v2\/media?parent=59"}],"curies":[{"name":"wp","href":"https:\/\/api.w.org\/{rel}","templated":true}]}}