{"id":45,"date":"2025-12-28T08:54:35","date_gmt":"2025-12-28T08:54:35","guid":{"rendered":"https:\/\/radiohy.eu\/about\/"},"modified":"2025-12-28T08:54:35","modified_gmt":"2025-12-28T08:54:35","slug":"about","status":"publish","type":"page","link":"https:\/\/radiohy.eu\/hu\/about\/","title":{"rendered":"A  oldalr\u00f3l"},"content":{"rendered":"<h5>R\u00f3lunk<\/h5>\n\n<h2>Kik vagyunk<\/h2>\n<p>A RadioHy-n\u00e1l elk\u00f6telezettek vagyunk amellett, hogy magas sz\u00ednvonal\u00fa, mag\u00e1val ragad\u00f3 tartalmat ny\u00fajtsunk, amely hat\u00e1ssal van a hallgat\u00f3inkra. V\u00edzi\u00f3nk egy \u00e9l\u00e9nk online r\u00e1di\u00f3s k\u00f6z\u00f6ss\u00e9g kialak\u00edt\u00e1sa.<\/p>\n\n\n\n\n\n\n\n\n\n\n\n<h2>Mi k\u00fcl\u00f6nb\u00f6ztet meg minket<\/h2>\n\n\n\n\n\n\n\n\n\n\n\n\n\n\n\n\n\n<h2>Meet Our Creative Team<\/h2>\n\n\n<p>Head DJ and Programming Director<\/p>\n\n\n\n\n\n\n\n<p>Music Curator<\/p>\n\n\n\n\n\n\n\n<p>Technical Director<\/p>\n\n\n\n\n\n\n\n\n\n\n\n<h5>Mit mondanak a hallgat\u00f3ink<\/h5>\n<h2>Hallgat\u00f3i aj\u00e1nl\u00e1sok<\/h2>\n\n\n\n\n\n<p>A RadioHy k\u00f6zelebb hozott a zen\u00e9hez, amir\u0151l nem is tudtam, hogy sz\u00fcks\u00e9gem van r\u00e1! A DJ-k fantasztikusak \u00e9s a m\u0171sorok mindig frissek.<\/p>\n<h6>John Doe, zenekedvel\u0151<\/h6>\n\n\n\n\n\n<p>A R\u00e1di\u00f3Hy hallgat\u00e1sa sokkal jobb\u00e1 teszi a munkanapomat! A v\u00e1ltozatoss\u00e1g \u00e9s az energia verhetetlen.<\/p>\n<h6>Jane Smith, szakember<\/h6>\n\n\n\n\n\n<p>Im\u00e1dom a R\u00e1di\u00f3Hy \u00e1ltal szervezett k\u00f6z\u00f6ss\u00e9gi esem\u00e9nyeket. Ez egy nagyszer\u0171 m\u00f3dja a kapcsolatteremt\u00e9snek \u00e9s a zene \u00fcnnepl\u00e9s\u00e9nek!<\/p>\n<h6>Alice Johnson, rendezv\u00e9nyszervez\u0151<\/h6>","protected":false},"excerpt":{"rendered":"","protected":false},"author":1,"featured_media":0,"parent":0,"menu_order":0,"comment_status":"closed","ping_status":"closed","template":"","meta":{"pagelayer_contact_templates":[],"_pagelayer_content":"","footnotes":""},"class_list":["post-45","page","type-page","status-publish","hentry"],"_links":{"self":[{"href":"https:\/\/radiohy.eu\/hu\/wp-json\/wp\/v2\/pages\/45","targetHints":{"allow":["GET"]}}],"collection":[{"href":"https:\/\/radiohy.eu\/hu\/wp-json\/wp\/v2\/pages"}],"about":[{"href":"https:\/\/radiohy.eu\/hu\/wp-json\/wp\/v2\/types\/page"}],"author":[{"embeddable":true,"href":"https:\/\/radiohy.eu\/hu\/wp-json\/wp\/v2\/users\/1"}],"replies":[{"embeddable":true,"href":"https:\/\/radiohy.eu\/hu\/wp-json\/wp\/v2\/comments?post=45"}],"version-history":[{"count":0,"href":"https:\/\/radiohy.eu\/hu\/wp-json\/wp\/v2\/pages\/45\/revisions"}],"wp:attachment":[{"href":"https:\/\/radiohy.eu\/hu\/wp-json\/wp\/v2\/media?parent=45"}],"curies":[{"name":"wp","href":"https:\/\/api.w.org\/{rel}","templated":true}]}}